{"id":628,"date":"2022-01-26T15:37:42","date_gmt":"2022-01-26T18:37:42","guid":{"rendered":"http:\/\/upschool-teste.kinghost.net\/?page_id=628"},"modified":"2025-08-25T14:23:08","modified_gmt":"2025-08-25T17:23:08","slug":"newl","status":"publish","type":"page","link":"https:\/\/upschool.pt\/en\/newl\/","title":{"rendered":"NEWL"},"content":{"rendered":"<div data-elementor-type=\"wp-page\" data-elementor-id=\"628\" class=\"elementor elementor-628\">\n\t\t\t\t\t\t<section class=\"elementor-section elementor-top-section elementor-element elementor-element-2534822 elementor-section-height-min-height elementor-section-items-bottom elementor-section-boxed elementor-section-height-default\" data-id=\"2534822\" data-element_type=\"section\" data-settings=\"{&quot;background_background&quot;:&quot;classic&quot;}\">\n\t\t\t\t\t\t\t<div class=\"elementor-background-overlay\"><\/div>\n\t\t\t\t\t\t\t<div class=\"elementor-container elementor-column-gap-default\">\n\t\t\t\t\t<div class=\"elementor-column elementor-col-100 elementor-top-column elementor-element elementor-element-f8be436\" data-id=\"f8be436\" data-element_type=\"column\">\n\t\t\t<div class=\"elementor-widget-wrap elementor-element-populated\">\n\t\t\t\t\t\t<div class=\"elementor-element elementor-element-ae94760 elementor-widget elementor-widget-heading\" data-id=\"ae94760\" data-element_type=\"widget\" data-widget_type=\"heading.default\">\n\t\t\t\t<div class=\"elementor-widget-container\">\n\t\t\t\t\t<h1 class=\"elementor-heading-title elementor-size-default\">NEWL<\/h1>\t\t\t\t<\/div>\n\t\t\t\t<\/div>\n\t\t\t\t\t<\/div>\n\t\t<\/div>\n\t\t\t\t\t<\/div>\n\t\t<\/section>\n\t\t\t\t<section class=\"elementor-section elementor-top-section elementor-element elementor-element-bd7ee71 elementor-reverse-tablet elementor-reverse-mobile elementor-section-boxed elementor-section-height-default elementor-section-height-default\" data-id=\"bd7ee71\" data-element_type=\"section\">\n\t\t\t\t\t\t<div class=\"elementor-container elementor-column-gap-default\">\n\t\t\t\t\t<div class=\"elementor-column elementor-col-50 elementor-top-column elementor-element elementor-element-7aa65c9\" data-id=\"7aa65c9\" data-element_type=\"column\">\n\t\t\t<div class=\"elementor-widget-wrap elementor-element-populated\">\n\t\t\t\t\t\t<div class=\"elementor-element elementor-element-c87c779 elementor-widget elementor-widget-heading\" data-id=\"c87c779\" data-element_type=\"widget\" data-widget_type=\"heading.default\">\n\t\t\t\t<div class=\"elementor-widget-container\">\n\t\t\t\t\t<h2 class=\"elementor-heading-title elementor-size-default\">NEWL - National Examination in World Languages<\/h2>\t\t\t\t<\/div>\n\t\t\t\t<\/div>\n\t\t\t\t<div class=\"elementor-element elementor-element-14a04b1 elementor-widget elementor-widget-text-editor\" data-id=\"14a04b1\" data-element_type=\"widget\" data-widget_type=\"text-editor.default\">\n\t\t\t\t<div class=\"elementor-widget-container\">\n\t\t\t\t\t\t\t\t\t<p><strong>The UP School and NEWL \u2013 National Exams in World Languages<\/strong><\/p><p>\u00a0<\/p><p>We prepare our students for this language assessment:<\/p><ul><li>Arabic<\/li><li>Korean<\/li><li>Portuguese (global)<\/li><li>Russian<\/li><\/ul><p>NEWL exams measure functional language proficiency across four skills: reading comprehension and listening comprehension, oral expression and written expression. These language proficiency exams allow high school students \u2014 both traditional foreign language learners and heritage learners \u2014 to be awarded grading reports that can be used to apply to universities within American higher education through credits and \/ or placement.<\/p><p>\u00a0<\/p><p class=\" translation-block\">An initiative of the American Councils for International Education, which learners of heritage and traditional languages use to apply for university credits and\/or placement, report to one of our learning centers.<\/p>\t\t\t\t\t\t\t\t<\/div>\n\t\t\t\t<\/div>\n\t\t\t\t\t<\/div>\n\t\t<\/div>\n\t\t\t\t<div class=\"elementor-column elementor-col-50 elementor-top-column elementor-element elementor-element-34cd223\" data-id=\"34cd223\" data-element_type=\"column\">\n\t\t\t<div class=\"elementor-widget-wrap elementor-element-populated\">\n\t\t\t\t\t\t<div class=\"elementor-element elementor-element-e8acfc3 elementor-align-center elementor-widget elementor-widget-button\" data-id=\"e8acfc3\" data-element_type=\"widget\" data-widget_type=\"button.default\">\n\t\t\t\t<div class=\"elementor-widget-container\">\n\t\t\t\t\t\t\t\t\t<div class=\"elementor-button-wrapper\">\n\t\t\t\t\t<a class=\"elementor-button elementor-button-link elementor-size-lg elementor-animation-wobble-horizontal\" href=\"https:\/\/upschool.pt\/en\/\">\n\t\t\t\t\t\t<span class=\"elementor-button-content-wrapper\">\n\t\t\t\t\t\t\t\t\t<span class=\"elementor-button-text\">Contact us!<\/span>\n\t\t\t\t\t<\/span>\n\t\t\t\t\t<\/a>\n\t\t\t\t<\/div>\n\t\t\t\t\t\t\t\t<\/div>\n\t\t\t\t<\/div>\n\t\t\t\t\t<\/div>\n\t\t<\/div>\n\t\t\t\t\t<\/div>\n\t\t<\/section>\n\t\t\t\t<\/div>","protected":false},"excerpt":{"rendered":"<p class=\"excerpt\">NEWL &#8211; Exames Nacionais em L\u00ednguas do Mundo A UP School e o NEWL &#8211; Exames Nacionais em L\u00ednguas do Mundo \u00a0 N\u00f3s preparamos nossos alunos para esta avalia\u00e7\u00e3o de l\u00edngua: \u00c1rabe Coreano Portugu\u00eas (global) Russo Os exames NEWL medem a profici\u00eancia lingu\u00edstica funcional atrav\u00e9s de quatro compet\u00eancias: compreens\u00e3o da leitura e compreens\u00e3o do oral, [&hellip;]<\/p>","protected":false},"author":5,"featured_media":577,"parent":0,"menu_order":0,"comment_status":"closed","ping_status":"closed","template":"template-blank.php","meta":{"footnotes":""},"class_list":["post-628","page","type-page","status-publish","has-post-thumbnail","hentry"],"_links":{"self":[{"href":"https:\/\/upschool.pt\/en\/wp-json\/wp\/v2\/pages\/628","targetHints":{"allow":["GET"]}}],"collection":[{"href":"https:\/\/upschool.pt\/en\/wp-json\/wp\/v2\/pages"}],"about":[{"href":"https:\/\/upschool.pt\/en\/wp-json\/wp\/v2\/types\/page"}],"author":[{"embeddable":true,"href":"https:\/\/upschool.pt\/en\/wp-json\/wp\/v2\/users\/5"}],"replies":[{"embeddable":true,"href":"https:\/\/upschool.pt\/en\/wp-json\/wp\/v2\/comments?post=628"}],"version-history":[{"count":53,"href":"https:\/\/upschool.pt\/en\/wp-json\/wp\/v2\/pages\/628\/revisions"}],"predecessor-version":[{"id":3161,"href":"https:\/\/upschool.pt\/en\/wp-json\/wp\/v2\/pages\/628\/revisions\/3161"}],"wp:featuredmedia":[{"embeddable":true,"href":"https:\/\/upschool.pt\/en\/wp-json\/wp\/v2\/media\/577"}],"wp:attachment":[{"href":"https:\/\/upschool.pt\/en\/wp-json\/wp\/v2\/media?parent=628"}],"curies":[{"name":"wp","href":"https:\/\/api.w.org\/{rel}","templated":true}]}}