{"id":413,"date":"2022-01-10T05:51:01","date_gmt":"2022-01-10T08:51:01","guid":{"rendered":"http:\/\/localhost\/upschool\/?page_id=413"},"modified":"2025-08-25T14:18:31","modified_gmt":"2025-08-25T17:18:31","slug":"covid-19","status":"publish","type":"page","link":"https:\/\/upschool.pt\/en\/covid-19\/","title":{"rendered":"COVID-19"},"content":{"rendered":"<div data-elementor-type=\"wp-page\" data-elementor-id=\"413\" class=\"elementor elementor-413\">\n\t\t\t\t\t\t<section class=\"elementor-section elementor-top-section elementor-element elementor-element-2534822 elementor-section-height-min-height elementor-section-items-bottom elementor-section-boxed elementor-section-height-default\" data-id=\"2534822\" data-element_type=\"section\" data-settings=\"{&quot;background_background&quot;:&quot;classic&quot;}\">\n\t\t\t\t\t\t\t<div class=\"elementor-background-overlay\"><\/div>\n\t\t\t\t\t\t\t<div class=\"elementor-container elementor-column-gap-default\">\n\t\t\t\t\t<div class=\"elementor-column elementor-col-100 elementor-top-column elementor-element elementor-element-f8be436\" data-id=\"f8be436\" data-element_type=\"column\">\n\t\t\t<div class=\"elementor-widget-wrap elementor-element-populated\">\n\t\t\t\t\t\t\t<\/div>\n\t\t<\/div>\n\t\t\t\t\t<\/div>\n\t\t<\/section>\n\t\t\t\t<section class=\"elementor-section elementor-top-section elementor-element elementor-element-bd7ee71 elementor-reverse-tablet elementor-reverse-mobile elementor-section-boxed elementor-section-height-default elementor-section-height-default\" data-id=\"bd7ee71\" data-element_type=\"section\" data-settings=\"{&quot;background_background&quot;:&quot;classic&quot;}\">\n\t\t\t\t\t\t<div class=\"elementor-container elementor-column-gap-default\">\n\t\t\t\t\t<div class=\"elementor-column elementor-col-50 elementor-top-column elementor-element elementor-element-7aa65c9\" data-id=\"7aa65c9\" data-element_type=\"column\" data-settings=\"{&quot;background_background&quot;:&quot;classic&quot;}\">\n\t\t\t<div class=\"elementor-widget-wrap elementor-element-populated\">\n\t\t\t\t\t\t<div class=\"elementor-element elementor-element-f81010c elementor-widget elementor-widget-heading\" data-id=\"f81010c\" data-element_type=\"widget\" data-widget_type=\"heading.default\">\n\t\t\t\t<div class=\"elementor-widget-container\">\n\t\t\t\t\t<h2 class=\"elementor-heading-title elementor-size-default\">Back to UP School<\/h2>\t\t\t\t<\/div>\n\t\t\t\t<\/div>\n\t\t\t\t<div class=\"elementor-element elementor-element-034f40d elementor-widget elementor-widget-text-editor\" data-id=\"034f40d\" data-element_type=\"widget\" data-widget_type=\"text-editor.default\">\n\t\t\t\t<div class=\"elementor-widget-container\">\n\t\t\t\t\t\t\t\t\t<p>Your health and safety are very important to us, so all activities must respect the safety rules.<\/p>\n<p><\/p>\n<p>The general rules are:<\/p>\n<h2>&nbsp;<\/h2>\n<h2><strong>Before Arriving at UP School<br><\/strong><\/h2>\n<p><\/p>\n<ul>\n<li>If you have symptoms of the disease, stay at home and do not go to UP School.<\/li>\n<li>If you have been confirmed to be infected with covid-19, please inform us.<\/li>\n<\/ul>\n<h2><strong><br>General rules<\/strong><\/h2>\n<p><\/p>\n<ul>\n<li>It's mandatory to wear a mask throughout the space.<\/li>\n<li>We appreciate you respecting the social distance of at least 2 meters, the appointments for the distance and the marked circuits.<\/li>\n<li>At the entrance to the building, a liquid for disinfecting hands and a temperature gauge are available.<\/li>\n<\/ul>\n<h2>&nbsp;<\/h2>\n<h2><strong>About In-person classes<br><\/strong><\/h2>\n<p><\/p>\n<ul>\n<li>For your safety, we have reduced the capacity of classrooms.<\/li>\n<li>A disinfectant spray is available in the classroom. We appreciate you disinfecting your place before and after class.<\/li>\n<li>Depending on the pandemic situation and legal guidelines, in-person classes may be changed to distance classes.<\/li>\n<\/ul>\n<h2>&nbsp;<\/h2>\n<h2><strong>Contingency Plans<br><\/strong><\/h2>\n<p><\/p>\n<p>The health of our visitors, course students and our employees is our highest priority. Therefore, distancing and hygiene guidelines must be complied with. We appreciate you respecting the recommendations, so that we can all return home safely and healthy.&nbsp;<\/p>\n<p><\/p>\n<p class=\" translation-block\">Considering Order No. 2836-A\/2020 of the Ministries of State Modernization and Public Administration, Labor and Social Solidarity and Health, as well as the most recent guidelines issued by the Directorate-General for Health (DGS), <strong>UP School<\/strong> Portugal has established a contingency plan, which details the main steps and procedures to be adopted in case of suspected infection.<\/p>\n<p><\/p>\n<p>If the temperature is higher than 37.8, the appropriate referral will be made. The first step is to communicate to parents, when referring to children.<\/p>\t\t\t\t\t\t\t\t<\/div>\n\t\t\t\t<\/div>\n\t\t\t\t\t<\/div>\n\t\t<\/div>\n\t\t\t\t<div class=\"elementor-column elementor-col-50 elementor-top-column elementor-element elementor-element-34cd223\" data-id=\"34cd223\" data-element_type=\"column\">\n\t\t\t<div class=\"elementor-widget-wrap elementor-element-populated\">\n\t\t\t\t\t\t<div class=\"elementor-element elementor-element-324b1f9 elementor-align-center elementor-widget elementor-widget-button\" data-id=\"324b1f9\" data-element_type=\"widget\" data-widget_type=\"button.default\">\n\t\t\t\t<div class=\"elementor-widget-container\">\n\t\t\t\t\t\t\t\t\t<div class=\"elementor-button-wrapper\">\n\t\t\t\t\t<a class=\"elementor-button elementor-button-link elementor-size-lg elementor-animation-wobble-horizontal\" href=\"https:\/\/upschool.pt\/en\/\">\n\t\t\t\t\t\t<span class=\"elementor-button-content-wrapper\">\n\t\t\t\t\t\t\t\t\t<span class=\"elementor-button-text\">Contact us!<\/span>\n\t\t\t\t\t<\/span>\n\t\t\t\t\t<\/a>\n\t\t\t\t<\/div>\n\t\t\t\t\t\t\t\t<\/div>\n\t\t\t\t<\/div>\n\t\t\t\t\t<\/div>\n\t\t<\/div>\n\t\t\t\t\t<\/div>\n\t\t<\/section>\n\t\t\t\t<\/div>","protected":false},"excerpt":{"rendered":"<p class=\"excerpt\">De Regresso \u00e0 UP School A tua sa\u00fade e seguran\u00e7a s\u00e3o muito importantes para n\u00f3s, por isso todas as atividades ter\u00e3o de respeitar as regras de seguran\u00e7a em vigor. As regras gerais s\u00e3o: &nbsp; Antes de Chegar \u00e0 UP SChool Se tiveres sintomas da doen\u00e7a, fica em casa e n\u00e3o te dirijas \u00e0 UP School. [&hellip;]<\/p>","protected":false},"author":5,"featured_media":0,"parent":0,"menu_order":0,"comment_status":"closed","ping_status":"closed","template":"template-blank.php","meta":{"footnotes":""},"class_list":["post-413","page","type-page","status-publish","hentry"],"_links":{"self":[{"href":"https:\/\/upschool.pt\/en\/wp-json\/wp\/v2\/pages\/413","targetHints":{"allow":["GET"]}}],"collection":[{"href":"https:\/\/upschool.pt\/en\/wp-json\/wp\/v2\/pages"}],"about":[{"href":"https:\/\/upschool.pt\/en\/wp-json\/wp\/v2\/types\/page"}],"author":[{"embeddable":true,"href":"https:\/\/upschool.pt\/en\/wp-json\/wp\/v2\/users\/5"}],"replies":[{"embeddable":true,"href":"https:\/\/upschool.pt\/en\/wp-json\/wp\/v2\/comments?post=413"}],"version-history":[{"count":79,"href":"https:\/\/upschool.pt\/en\/wp-json\/wp\/v2\/pages\/413\/revisions"}],"predecessor-version":[{"id":3152,"href":"https:\/\/upschool.pt\/en\/wp-json\/wp\/v2\/pages\/413\/revisions\/3152"}],"wp:attachment":[{"href":"https:\/\/upschool.pt\/en\/wp-json\/wp\/v2\/media?parent=413"}],"curies":[{"name":"wp","href":"https:\/\/api.w.org\/{rel}","templated":true}]}}