{"id":1081,"date":"2022-01-28T17:21:06","date_gmt":"2022-01-28T20:21:06","guid":{"rendered":"http:\/\/upschool-teste.kinghost.net\/?page_id=1081"},"modified":"2026-04-02T12:49:38","modified_gmt":"2026-04-02T15:49:38","slug":"horario-funcionamento","status":"publish","type":"page","link":"https:\/\/upschool.pt\/en\/opening-hours\/","title":{"rendered":"Opening Hours"},"content":{"rendered":"<div data-elementor-type=\"wp-page\" data-elementor-id=\"1081\" class=\"elementor elementor-1081\">\n\t\t\t\t\t\t<section class=\"elementor-section elementor-top-section elementor-element elementor-element-2534822 elementor-section-height-min-height elementor-section-items-bottom elementor-section-boxed elementor-section-height-default\" data-id=\"2534822\" data-element_type=\"section\" data-settings=\"{&quot;background_background&quot;:&quot;classic&quot;}\">\n\t\t\t\t\t\t\t<div class=\"elementor-background-overlay\"><\/div>\n\t\t\t\t\t\t\t<div class=\"elementor-container elementor-column-gap-default\">\n\t\t\t\t\t<div class=\"elementor-column elementor-col-100 elementor-top-column elementor-element elementor-element-f8be436\" data-id=\"f8be436\" data-element_type=\"column\">\n\t\t\t<div class=\"elementor-widget-wrap elementor-element-populated\">\n\t\t\t\t\t\t\t<\/div>\n\t\t<\/div>\n\t\t\t\t\t<\/div>\n\t\t<\/section>\n\t\t\t\t<section class=\"elementor-section elementor-top-section elementor-element elementor-element-bd7ee71 elementor-reverse-tablet elementor-reverse-mobile elementor-section-boxed elementor-section-height-default elementor-section-height-default\" data-id=\"bd7ee71\" data-element_type=\"section\">\n\t\t\t\t\t\t<div class=\"elementor-container elementor-column-gap-default\">\n\t\t\t\t\t<div class=\"elementor-column elementor-col-50 elementor-top-column elementor-element elementor-element-7aa65c9\" data-id=\"7aa65c9\" data-element_type=\"column\">\n\t\t\t<div class=\"elementor-widget-wrap elementor-element-populated\">\n\t\t\t\t\t\t<div class=\"elementor-element elementor-element-f81010c elementor-widget elementor-widget-heading\" data-id=\"f81010c\" data-element_type=\"widget\" data-widget_type=\"heading.default\">\n\t\t\t\t<div class=\"elementor-widget-container\">\n\t\t\t\t\t<h2 class=\"elementor-heading-title elementor-size-default\">Portugal<\/h2>\t\t\t\t<\/div>\n\t\t\t\t<\/div>\n\t\t\t\t<div class=\"elementor-element elementor-element-f125fa7 elementor-widget elementor-widget-html\" data-id=\"f125fa7\" data-element_type=\"widget\" data-widget_type=\"html.default\">\n\t\t\t\t<div class=\"elementor-widget-container\">\n\t\t\t\t\t<style type=\"text\/css\">\n.tg  {border-collapse:collapse;border-spacing:0;}\n.tg td{border-color:black;border-style:solid;border-width:1px;font-size:14px;\n  overflow:hidden;padding:10px 5px;word-break:normal;}\n.tg th{border-color:black;border-style:solid;border-width:1px;font-size:14px;\n  font-weight:normal;overflow:hidden;padding:10px 5px;word-break:normal;}\n.tg .tg-4z60{background-color:#001871;border-color:black;color:#ffffff;text-align:center;vertical-align:top}\n.tg .tg-n7lk{background-color:#3b4875;border-color:black;color:#ffffff;text-align:center;vertical-align:top}\n.tg .tg-baqh{text-align:center;vertical-align:top}\n.tg .tg-c3ow{border-color:black;text-align:center;vertical-align:top}\n.tg .tg-zunu{background-color:#3b4875;border-color:black;color:#ffffff;text-align:center;vertical-align:top}\n.tg {border: 1px solid black;\n<\/style>\n<table class=\"tg\">\n<thead>\n  <tr>\n    <th class=\"tg-4z60\" colspan=\"3\">September to June<\/th>\n  <\/tr>\n<\/thead>\n<tbody>\n  <tr>\n    <td class=\"tg-n7lk\"><\/td>\n    <td class=\"tg-n7lk\">Monday to Friday<br><\/td>\n    <td class=\"tg-n7lk\">Saturday<\/td>\n  <\/tr>\n  <tr>\n    <td class=\"tg-c3ow\">Start<\/td>\n    <td class=\"tg-c3ow\">10:00<\/td>\n    <td class=\"tg-c3ow\">10:00<\/td>\n  <\/tr>\n  <tr>\n    <td class=\"tg-baqh\">End<\/td>\n    <td class=\"tg-baqh\">10:00 - 12:00<br>14:00 - 18:00<\/td>\n    <td class=\"tg-baqh\">12:00<\/td>\n  <\/tr>\n<\/tbody>\n<\/table>\t\t\t\t<\/div>\n\t\t\t\t<\/div>\n\t\t\t\t<div class=\"elementor-element elementor-element-ce609f9 elementor-widget elementor-widget-html\" data-id=\"ce609f9\" data-element_type=\"widget\" data-widget_type=\"html.default\">\n\t\t\t\t<div class=\"elementor-widget-container\">\n\t\t\t\t\t<style type=\"text\/css\">\n.tg  {border-collapse:collapse;border-spacing:0;}\n.tg td{border-color:black;border-style:solid;border-width:1px;font-size:14px;\n  overflow:hidden;padding:10px 5px;word-break:normal;}\n.tg th{border-color:black;border-style:solid;border-width:1px;font-family:Arial, sans-serif;font-size:14px;\n  font-weight:normal;overflow:hidden;padding:10px 5px;word-break:normal;}\n.tg .tg-4z60{background-color:#001871;border-color:black;color:#ffffff;text-align:center;vertical-align:middle;font-family: \"Roboto Condensed\", Sans-serif;font-size: 1.1em;font-weight: 400}\n.tg .tg-n7lk{background-color:#3b4875;border-color:black;color:#ffffff;text-align:center;vertical-align:middle;font-family: \"Roboto Condensed\", Sans-serif;font-size: 1.1em;font-weight: 400}\n.tg .tg-baqh{text-align:center;vertical-align:middle;color: #454545;font-family: \"Roboto Condensed\", Sans-serif;font-size: 1.1em;font-weight: 400}\n.tg .tg-c3ow{border-color:black;text-align:center;vertical-align:middle;color: #454545;font-family: \"Roboto Condensed\", Sans-serif;font-size: 1.1em;font-weight: 400}\n.tg .tg-zunu{background-color:#3b4875;border-color:black;color:#ffffff;vertical-align:middle;font-family: \"Roboto Condensed\", Sans-serif;font-size: 1.1em;font-weight: 400;text-align:center}\n.tg {border: 1px solid black}\n<\/style>\n<table class=\"tg\">\n<thead>\n  <tr>\n    <th class=\"tg-4z60\" colspan=\"3\">July and August<\/th>\n  <\/tr>\n<\/thead>\n<tbody>\n  <tr>\n    <td class=\"tg-n7lk\"><\/td>\n    <td class=\"tg-n7lk\">Monday to Friday<br><\/td>\n    <td class=\"tg-n7lk\">Saturday<\/td>\n  <\/tr>\n  <tr>\n    <td class=\"tg-c3ow\">Start<\/td>\n    <td class=\"tg-c3ow\">09:00<\/td>\n    <td class=\"tg-c3ow\">09:00<\/td>\n  <\/tr>\n  <tr>\n    <td class=\"tg-baqh\">End<\/td>\n    <td class=\"tg-baqh\">21:00<\/td>\n    <td class=\"tg-baqh\">13:00<\/td>\n  <\/tr>\n<\/tbody>\n<\/table>\t\t\t\t<\/div>\n\t\t\t\t<\/div>\n\t\t\t\t<div class=\"elementor-element elementor-element-13eb786 elementor-widget elementor-widget-heading\" data-id=\"13eb786\" data-element_type=\"widget\" data-widget_type=\"heading.default\">\n\t\t\t\t<div class=\"elementor-widget-container\">\n\t\t\t\t\t<h2 class=\"elementor-heading-title elementor-size-default\">UP School Brasil<\/h2>\t\t\t\t<\/div>\n\t\t\t\t<\/div>\n\t\t\t\t<div class=\"elementor-element elementor-element-3adaa40 elementor-widget elementor-widget-html\" data-id=\"3adaa40\" data-element_type=\"widget\" data-widget_type=\"html.default\">\n\t\t\t\t<div class=\"elementor-widget-container\">\n\t\t\t\t\t<style type=\"text\/css\">\n.tg  {border-collapse:collapse;border-spacing:0;}\n.tg td{border-color:black;border-style:solid;border-width:1px;font-size:14px;\n  overflow:hidden;padding:10px 5px;word-break:normal;}\n.tg th{border-color:black;border-style:solid;border-width:1px;font-family:Arial, sans-serif;font-size:14px;\n  font-weight:normal;overflow:hidden;padding:10px 5px;word-break:normal;}\n.tg .tg-4z60{background-color:#001871;border-color:black;color:#ffffff;text-align:center;vertical-align:middle;font-family: \"Roboto Condensed\", Sans-serif;font-size: 1.1em;font-weight: 400}\n.tg .tg-n7lk{background-color:#3b4875;border-color:black;color:#ffffff;text-align:center;vertical-align:middle;font-family: \"Roboto Condensed\", Sans-serif;font-size: 1.1em;font-weight: 400}\n.tg .tg-baqh{text-align:center;vertical-align:middle;color: #454545;font-family: \"Roboto Condensed\", Sans-serif;font-size: 1.1em;font-weight: 400}\n.tg .tg-c3ow{border-color:black;text-align:center;vertical-align:middle;color: #454545;font-family: \"Roboto Condensed\", Sans-serif;font-size: 1.1em;font-weight: 400}\n.tg .tg-zunu{background-color:#3b4875;border-color:black;color:#ffffff;vertical-align:middle;font-family: \"Roboto Condensed\", Sans-serif;font-size: 1.1em;font-weight: 400;text-align:center}\n.tg {border: 1px solid black}\n<\/style>\n<table class=\"tg\">\n<thead>\n  <tr>\n    <th class=\"tg-4z60\" colspan=\"3\">January to November<\/th>\n  <\/tr>\n<\/thead>\n<tbody>\n  <tr>\n    <td class=\"tg-n7lk\"><\/td>\n    <td class=\"tg-n7lk\">Monday to Friday<br><\/td>\n    <td class=\"tg-n7lk\">Saturday<\/td>\n  <\/tr>\n  <tr>\n    <td class=\"tg-c3ow\">Start<\/td>\n    <td class=\"tg-c3ow\">08:00<\/td>\n    <td class=\"tg-c3ow\">08:00<\/td>\n  <\/tr>\n  <tr>\n    <td class=\"tg-baqh\">End<\/td>\n    <td class=\"tg-baqh\">19:00<\/td>\n    <td class=\"tg-baqh\">12:00<\/td>\n  <\/tr>\n<\/tbody>\n<\/table>\t\t\t\t<\/div>\n\t\t\t\t<\/div>\n\t\t\t\t<div class=\"elementor-element elementor-element-66a65db elementor-widget elementor-widget-heading\" data-id=\"66a65db\" data-element_type=\"widget\" data-widget_type=\"heading.default\">\n\t\t\t\t<div class=\"elementor-widget-container\">\n\t\t\t\t\t<h2 class=\"elementor-heading-title elementor-size-default\">Interruption of Academic Activities (2021\/2022)<\/h2>\t\t\t\t<\/div>\n\t\t\t\t<\/div>\n\t\t\t\t<div class=\"elementor-element elementor-element-f36d7e5 elementor-tabs-alignment-center elementor-tabs-view-horizontal elementor-widget elementor-widget-tabs\" data-id=\"f36d7e5\" data-element_type=\"widget\" data-widget_type=\"tabs.default\">\n\t\t\t\t<div class=\"elementor-widget-container\">\n\t\t\t\t\t\t\t<div class=\"elementor-tabs\">\n\t\t\t<div class=\"elementor-tabs-wrapper\" role=\"tablist\" >\n\t\t\t\t\t\t\t\t\t<div id=\"elementor-tab-title-2551\" class=\"elementor-tab-title elementor-tab-desktop-title\" aria-selected=\"true\" data-tab=\"1\" role=\"tab\" tabindex=\"0\" aria-controls=\"elementor-tab-content-2551\" aria-expanded=\"false\">JAN<\/div>\n\t\t\t\t\t\t\t\t\t<div id=\"elementor-tab-title-2552\" class=\"elementor-tab-title elementor-tab-desktop-title\" aria-selected=\"false\" data-tab=\"2\" role=\"tab\" tabindex=\"-1\" aria-controls=\"elementor-tab-content-2552\" aria-expanded=\"false\">FEV<\/div>\n\t\t\t\t\t\t\t\t\t<div id=\"elementor-tab-title-2553\" class=\"elementor-tab-title elementor-tab-desktop-title\" aria-selected=\"false\" data-tab=\"3\" role=\"tab\" tabindex=\"-1\" aria-controls=\"elementor-tab-content-2553\" aria-expanded=\"false\">MAR<\/div>\n\t\t\t\t\t\t\t\t\t<div id=\"elementor-tab-title-2554\" class=\"elementor-tab-title elementor-tab-desktop-title\" aria-selected=\"false\" data-tab=\"4\" role=\"tab\" tabindex=\"-1\" aria-controls=\"elementor-tab-content-2554\" aria-expanded=\"false\">APR<\/div>\n\t\t\t\t\t\t\t\t\t<div id=\"elementor-tab-title-2555\" class=\"elementor-tab-title elementor-tab-desktop-title\" aria-selected=\"false\" data-tab=\"5\" role=\"tab\" tabindex=\"-1\" aria-controls=\"elementor-tab-content-2555\" aria-expanded=\"false\">JUN<\/div>\n\t\t\t\t\t\t\t\t\t<div id=\"elementor-tab-title-2556\" class=\"elementor-tab-title elementor-tab-desktop-title\" aria-selected=\"false\" data-tab=\"6\" role=\"tab\" tabindex=\"-1\" aria-controls=\"elementor-tab-content-2556\" aria-expanded=\"false\">OCT<\/div>\n\t\t\t\t\t\t\t\t\t<div id=\"elementor-tab-title-2557\" class=\"elementor-tab-title elementor-tab-desktop-title\" aria-selected=\"false\" data-tab=\"7\" role=\"tab\" tabindex=\"-1\" aria-controls=\"elementor-tab-content-2557\" aria-expanded=\"false\">NOV<\/div>\n\t\t\t\t\t\t\t\t\t<div id=\"elementor-tab-title-2558\" class=\"elementor-tab-title elementor-tab-desktop-title\" aria-selected=\"false\" data-tab=\"8\" role=\"tab\" tabindex=\"-1\" aria-controls=\"elementor-tab-content-2558\" aria-expanded=\"false\">DEC<\/div>\n\t\t\t\t\t\t\t<\/div>\n\t\t\t<div class=\"elementor-tabs-content-wrapper\" role=\"tablist\" aria-orientation=\"vertical\">\n\t\t\t\t\t\t\t\t\t<div class=\"elementor-tab-title elementor-tab-mobile-title\" aria-selected=\"true\" data-tab=\"1\" role=\"tab\" tabindex=\"0\" aria-controls=\"elementor-tab-content-2551\" aria-expanded=\"false\">JAN<\/div>\n\t\t\t\t\t<div id=\"elementor-tab-content-2551\" class=\"elementor-tab-content elementor-clearfix\" data-tab=\"1\" role=\"tabpanel\" aria-labelledby=\"elementor-tab-title-2551\" tabindex=\"0\" hidden=\"false\"><ul>\n<li>December 23rd to January 2nd<\/li>\n<\/ul><\/div>\n\t\t\t\t\t\t\t\t\t<div class=\"elementor-tab-title elementor-tab-mobile-title\" aria-selected=\"false\" data-tab=\"2\" role=\"tab\" tabindex=\"-1\" aria-controls=\"elementor-tab-content-2552\" aria-expanded=\"false\">FEV<\/div>\n\t\t\t\t\t<div id=\"elementor-tab-content-2552\" class=\"elementor-tab-content elementor-clearfix\" data-tab=\"2\" role=\"tabpanel\" aria-labelledby=\"elementor-tab-title-2552\" tabindex=\"0\" hidden=\"hidden\"><ul>\n<li>February 28th to March 1st<\/li>\n<\/ul><\/div>\n\t\t\t\t\t\t\t\t\t<div class=\"elementor-tab-title elementor-tab-mobile-title\" aria-selected=\"false\" data-tab=\"3\" role=\"tab\" tabindex=\"-1\" aria-controls=\"elementor-tab-content-2553\" aria-expanded=\"false\">MAR<\/div>\n\t\t\t\t\t<div id=\"elementor-tab-content-2553\" class=\"elementor-tab-content elementor-clearfix\" data-tab=\"3\" role=\"tabpanel\" aria-labelledby=\"elementor-tab-title-2553\" tabindex=\"0\" hidden=\"hidden\"><ul><li>February 28th to March 1st<\/li><\/ul><\/div>\n\t\t\t\t\t\t\t\t\t<div class=\"elementor-tab-title elementor-tab-mobile-title\" aria-selected=\"false\" data-tab=\"4\" role=\"tab\" tabindex=\"-1\" aria-controls=\"elementor-tab-content-2554\" aria-expanded=\"false\">APR<\/div>\n\t\t\t\t\t<div id=\"elementor-tab-content-2554\" class=\"elementor-tab-content elementor-clearfix\" data-tab=\"4\" role=\"tabpanel\" aria-labelledby=\"elementor-tab-title-2554\" tabindex=\"0\" hidden=\"hidden\"><ul>\n<li>April 13th to April 17th<\/li>\n<li>April 25th<\/li>\n<\/ul><\/div>\n\t\t\t\t\t\t\t\t\t<div class=\"elementor-tab-title elementor-tab-mobile-title\" aria-selected=\"false\" data-tab=\"5\" role=\"tab\" tabindex=\"-1\" aria-controls=\"elementor-tab-content-2555\" aria-expanded=\"false\">JUN<\/div>\n\t\t\t\t\t<div id=\"elementor-tab-content-2555\" class=\"elementor-tab-content elementor-clearfix\" data-tab=\"5\" role=\"tabpanel\" aria-labelledby=\"elementor-tab-title-2555\" tabindex=\"0\" hidden=\"hidden\"><ul><li>June 10th<\/li><\/ul><\/div>\n\t\t\t\t\t\t\t\t\t<div class=\"elementor-tab-title elementor-tab-mobile-title\" aria-selected=\"false\" data-tab=\"6\" role=\"tab\" tabindex=\"-1\" aria-controls=\"elementor-tab-content-2556\" aria-expanded=\"false\">OCT<\/div>\n\t\t\t\t\t<div id=\"elementor-tab-content-2556\" class=\"elementor-tab-content elementor-clearfix\" data-tab=\"6\" role=\"tabpanel\" aria-labelledby=\"elementor-tab-title-2556\" tabindex=\"0\" hidden=\"hidden\"><ul><li>October 5th<\/li><\/ul><\/div>\n\t\t\t\t\t\t\t\t\t<div class=\"elementor-tab-title elementor-tab-mobile-title\" aria-selected=\"false\" data-tab=\"7\" role=\"tab\" tabindex=\"-1\" aria-controls=\"elementor-tab-content-2557\" aria-expanded=\"false\">NOV<\/div>\n\t\t\t\t\t<div id=\"elementor-tab-content-2557\" class=\"elementor-tab-content elementor-clearfix\" data-tab=\"7\" role=\"tabpanel\" aria-labelledby=\"elementor-tab-title-2557\" tabindex=\"0\" hidden=\"hidden\"><ul><li>November 1st<\/li><\/ul><\/div>\n\t\t\t\t\t\t\t\t\t<div class=\"elementor-tab-title elementor-tab-mobile-title\" aria-selected=\"false\" data-tab=\"8\" role=\"tab\" tabindex=\"-1\" aria-controls=\"elementor-tab-content-2558\" aria-expanded=\"false\">DEC<\/div>\n\t\t\t\t\t<div id=\"elementor-tab-content-2558\" class=\"elementor-tab-content elementor-clearfix\" data-tab=\"8\" role=\"tabpanel\" aria-labelledby=\"elementor-tab-title-2558\" tabindex=\"0\" hidden=\"hidden\"><ul>\n<li>December 1st<\/li>\n<li>December 8th<\/li>\n<li>December 23rd to January 2nd<\/li>\n<\/ul><\/div>\n\t\t\t\t\t\t\t<\/div>\n\t\t<\/div>\n\t\t\t\t\t\t<\/div>\n\t\t\t\t<\/div>\n\t\t\t\t\t<\/div>\n\t\t<\/div>\n\t\t\t\t<div class=\"elementor-column elementor-col-50 elementor-top-column elementor-element elementor-element-34cd223\" data-id=\"34cd223\" data-element_type=\"column\">\n\t\t\t<div class=\"elementor-widget-wrap elementor-element-populated\">\n\t\t\t\t\t\t<div class=\"elementor-element elementor-element-ece1fd5 elementor-align-center elementor-widget elementor-widget-button\" data-id=\"ece1fd5\" data-element_type=\"widget\" data-widget_type=\"button.default\">\n\t\t\t\t<div class=\"elementor-widget-container\">\n\t\t\t\t\t\t\t\t\t<div class=\"elementor-button-wrapper\">\n\t\t\t\t\t<a class=\"elementor-button elementor-button-link elementor-size-lg elementor-animation-wobble-horizontal\" href=\"https:\/\/upschool.pt\/en\/\">\n\t\t\t\t\t\t<span class=\"elementor-button-content-wrapper\">\n\t\t\t\t\t\t\t\t\t<span class=\"elementor-button-text\">Contact us!<\/span>\n\t\t\t\t\t<\/span>\n\t\t\t\t\t<\/a>\n\t\t\t\t<\/div>\n\t\t\t\t\t\t\t\t<\/div>\n\t\t\t\t<\/div>\n\t\t\t\t\t<\/div>\n\t\t<\/div>\n\t\t\t\t\t<\/div>\n\t\t<\/section>\n\t\t\t\t<\/div>","protected":false},"excerpt":{"rendered":"<p class=\"excerpt\">Portugal Setembro a Junho 2\u00aa a 6\u00aa Feira S\u00e1bado In\u00edcio 10:00 10:00 Fim 10:00 &#8211; 12:0014:00 &#8211; 18:00 12:00 Julho e Agosto 2\u00aa a 6\u00aa Feira S\u00e1bado In\u00edcio 09:00 09:00 Fim 21:00 13:00 UP School Brasil Janeiro a Novembro 2\u00aa a 6\u00aa Feira S\u00e1bado In\u00edcio 08:00 08:00 Fim 19:00 12:00 Interrup\u00e7\u00e3o das Atividades Letivas (2021\/2022) [&hellip;]<\/p>","protected":false},"author":5,"featured_media":0,"parent":0,"menu_order":0,"comment_status":"closed","ping_status":"closed","template":"template-blank.php","meta":{"footnotes":""},"class_list":["post-1081","page","type-page","status-publish","hentry"],"_links":{"self":[{"href":"https:\/\/upschool.pt\/en\/wp-json\/wp\/v2\/pages\/1081","targetHints":{"allow":["GET"]}}],"collection":[{"href":"https:\/\/upschool.pt\/en\/wp-json\/wp\/v2\/pages"}],"about":[{"href":"https:\/\/upschool.pt\/en\/wp-json\/wp\/v2\/types\/page"}],"author":[{"embeddable":true,"href":"https:\/\/upschool.pt\/en\/wp-json\/wp\/v2\/users\/5"}],"replies":[{"embeddable":true,"href":"https:\/\/upschool.pt\/en\/wp-json\/wp\/v2\/comments?post=1081"}],"version-history":[{"count":67,"href":"https:\/\/upschool.pt\/en\/wp-json\/wp\/v2\/pages\/1081\/revisions"}],"predecessor-version":[{"id":3189,"href":"https:\/\/upschool.pt\/en\/wp-json\/wp\/v2\/pages\/1081\/revisions\/3189"}],"wp:attachment":[{"href":"https:\/\/upschool.pt\/en\/wp-json\/wp\/v2\/media?parent=1081"}],"curies":[{"name":"wp","href":"https:\/\/api.w.org\/{rel}","templated":true}]}}