{"id":1053,"date":"2022-01-28T16:54:58","date_gmt":"2022-01-28T19:54:58","guid":{"rendered":"http:\/\/upschool-teste.kinghost.net\/?page_id=1053"},"modified":"2023-02-07T16:40:12","modified_gmt":"2023-02-07T19:40:12","slug":"politica-de-privacidade","status":"publish","type":"page","link":"https:\/\/upschool.pt\/en\/privacy-policy\/","title":{"rendered":"Privacy Policy"},"content":{"rendered":"<div data-elementor-type=\"wp-page\" data-elementor-id=\"1053\" class=\"elementor elementor-1053\">\n\t\t\t\t\t\t<section class=\"elementor-section elementor-top-section elementor-element elementor-element-2534822 elementor-section-height-min-height elementor-section-items-bottom elementor-section-boxed elementor-section-height-default\" data-id=\"2534822\" data-element_type=\"section\" data-settings=\"{&quot;background_background&quot;:&quot;classic&quot;}\">\n\t\t\t\t\t\t\t<div class=\"elementor-background-overlay\"><\/div>\n\t\t\t\t\t\t\t<div class=\"elementor-container elementor-column-gap-default\">\n\t\t\t\t\t<div class=\"elementor-column elementor-col-100 elementor-top-column elementor-element elementor-element-f8be436\" data-id=\"f8be436\" data-element_type=\"column\">\n\t\t\t<div class=\"elementor-widget-wrap elementor-element-populated\">\n\t\t\t\t\t\t<div class=\"elementor-element elementor-element-c44e4af elementor-widget elementor-widget-heading\" data-id=\"c44e4af\" data-element_type=\"widget\" data-widget_type=\"heading.default\">\n\t\t\t\t<div class=\"elementor-widget-container\">\n\t\t\t\t\t<h1 class=\"elementor-heading-title elementor-size-large\">Privacy Policy<\/h1>\t\t\t\t<\/div>\n\t\t\t\t<\/div>\n\t\t\t\t\t<\/div>\n\t\t<\/div>\n\t\t\t\t\t<\/div>\n\t\t<\/section>\n\t\t\t\t<section class=\"elementor-section elementor-top-section elementor-element elementor-element-7662836 elementor-section-boxed elementor-section-height-default elementor-section-height-default\" data-id=\"7662836\" data-element_type=\"section\">\n\t\t\t\t\t\t<div class=\"elementor-container elementor-column-gap-default\">\n\t\t\t\t\t<div class=\"elementor-column elementor-col-100 elementor-top-column elementor-element elementor-element-7d15683\" data-id=\"7d15683\" data-element_type=\"column\" data-settings=\"{&quot;background_background&quot;:&quot;classic&quot;}\">\n\t\t\t<div class=\"elementor-widget-wrap elementor-element-populated\">\n\t\t\t\t\t\t<div class=\"elementor-element elementor-element-f9a5090 pgcontent elementor-widget elementor-widget-text-editor\" data-id=\"f9a5090\" data-element_type=\"widget\" data-widget_type=\"text-editor.default\">\n\t\t\t\t<div class=\"elementor-widget-container\">\n\t\t\t\t\t\t\t\t\t<p>Please carefully read our Cookies Policy and Privacy Policy. If you do not agree with it, you must not use this Website. This Cookies Policy and Privacy Policy sets out the ways in which personal data are collected and used, as well as the safeguards and security measures adopted in their treatment. UP School recognizes the importance of privacy. We will never sell your information to third parties, whether individuals or companies. The website https:\/\/upschool.com.pt is owned by UPschool with headquarters at Avenida da Anil n\u00ba 3 rooms 5 and 6 in Covilh\u00e3.<\/p>\t\t\t\t\t\t\t\t<\/div>\n\t\t\t\t<\/div>\n\t\t\t\t<div class=\"elementor-element elementor-element-4083280 elementor-widget elementor-widget-heading\" data-id=\"4083280\" data-element_type=\"widget\" data-widget_type=\"heading.default\">\n\t\t\t\t<div class=\"elementor-widget-container\">\n\t\t\t\t\t<h2 class=\"elementor-heading-title elementor-size-default\">Use of Cookies<\/h2>\t\t\t\t<\/div>\n\t\t\t\t<\/div>\n\t\t\t\t<div class=\"elementor-element elementor-element-71dc94c elementor-widget elementor-widget-text-editor\" data-id=\"71dc94c\" data-element_type=\"widget\" data-widget_type=\"text-editor.default\">\n\t\t\t\t<div class=\"elementor-widget-container\">\n\t\t\t\t\t\t\t\t\t<p>UP School uses cookies to help provide you with a better service and experience as a user of our website. By browsing our website, you agree to the use of cookies.<\/p>\t\t\t\t\t\t\t\t<\/div>\n\t\t\t\t<\/div>\n\t\t\t\t<div class=\"elementor-element elementor-element-9eacea4 elementor-widget elementor-widget-heading\" data-id=\"9eacea4\" data-element_type=\"widget\" data-widget_type=\"heading.default\">\n\t\t\t\t<div class=\"elementor-widget-container\">\n\t\t\t\t\t<h2 class=\"elementor-heading-title elementor-size-default\">Cookies Policy<\/h2>\t\t\t\t<\/div>\n\t\t\t\t<\/div>\n\t\t\t\t<div class=\"elementor-element elementor-element-8c23ec1 elementor-widget elementor-widget-text-editor\" data-id=\"8c23ec1\" data-element_type=\"widget\" data-widget_type=\"text-editor.default\">\n\t\t\t\t<div class=\"elementor-widget-container\">\n\t\t\t\t\t\t\t\t\t<p>To ensure that our website presents a good browsing experience for visitors and to provide a more personalized service, our server uses cookies (small informational files) to collect and store information. If you wish, you can disable this setting in your browser, to the detriment of limiting access to certain areas of the site or receiving personalized information. The use of cookies is a common practice on most websites with the aim of saving time for the user and facilitating navigation. UP School may use cookies in order to collect information during your visit to the website, such as the areas you visit and the activities in which you participate. These files are used to prevent the visitor from having to repeatedly enter their personal information, to facilitate navigation and to customize the service. Cookies may be used to help you use the application in the future. Once the computer is able to identify the personal information that has already been made available, it will not be asked again for information that has already been made available. The user can accept or delete cookies. Most browsers or Internet browsing applications automatically accept cookies. If the user does not wish to use cookies, he must change the settings of his browser regarding the acceptance or not of cookies.<\/p>\t\t\t\t\t\t\t\t<\/div>\n\t\t\t\t<\/div>\n\t\t\t\t<div class=\"elementor-element elementor-element-0fc3ef1 elementor-widget elementor-widget-heading\" data-id=\"0fc3ef1\" data-element_type=\"widget\" data-widget_type=\"heading.default\">\n\t\t\t\t<div class=\"elementor-widget-container\">\n\t\t\t\t\t<h2 class=\"elementor-heading-title elementor-size-default\">Information Collection<\/h2>\t\t\t\t<\/div>\n\t\t\t\t<\/div>\n\t\t\t\t<div class=\"elementor-element elementor-element-5ead02c elementor-widget elementor-widget-text-editor\" data-id=\"5ead02c\" data-element_type=\"widget\" data-widget_type=\"text-editor.default\">\n\t\t\t\t<div class=\"elementor-widget-container\">\n\t\t\t\t\t\t\t\t\t<p>Whenever it is necessary to collect personal information, the use of that same information will be carried out in compliance with the terms of the applicable legislation, Regulation (EU) 2016\/679 of the European Parliament and of the Council, of 27 April 2016, the holder is guaranteed of data the right of access, rectification, alteration, elimination and portability of your personal data, upon written request to the responsible entity, sent by registered mail to Avenida da Anil n\u00ba 3 sala 5 e 6 postal code 6200-502 Covilh\u00e3, or by email addressed to privacidade@upschool.com.pt. The data subject may also file a complaint with the CNPD or another national supervisory authority.<\/p><p>\u00a0<\/p><p>All information collected is provided voluntarily, whether via the website, online forms, questionnaires, service promotions and\/or hobbies. UPschool collects personal data, such as names, addresses, e-mails, telephone numbers, IP address, demographic and lifestyle data for the purposes indicated below. The entity responsible for collecting and processing personal data is UPschool.<\/p>\t\t\t\t\t\t\t\t<\/div>\n\t\t\t\t<\/div>\n\t\t\t\t<div class=\"elementor-element elementor-element-5937e18 elementor-widget elementor-widget-heading\" data-id=\"5937e18\" data-element_type=\"widget\" data-widget_type=\"heading.default\">\n\t\t\t\t<div class=\"elementor-widget-container\">\n\t\t\t\t\t<h2 class=\"elementor-heading-title elementor-size-default\">Use of Collected Information<\/h2>\t\t\t\t<\/div>\n\t\t\t\t<\/div>\n\t\t\t\t<div class=\"elementor-element elementor-element-2f76131 elementor-widget elementor-widget-text-editor\" data-id=\"2f76131\" data-element_type=\"widget\" data-widget_type=\"text-editor.default\">\n\t\t\t\t<div class=\"elementor-widget-container\">\n\t\t\t\t\t\t\t\t\t<p>UP School undertakes to comply with the rules for processing personal data in force in Portugal.<\/p><p>\u00a0<\/p><p>The information obtained may be used by UP School to send information about marketing or commercial actions developed for this purpose.<\/p><p>\u00a0<\/p><p>The data collected is intended exclusively for the use of UP School, in order to follow up on requests made through this website, guaranteeing the privacy and protection of users' data.<\/p><p>\u00a0<\/p><p>UP School may transfer the user's personal information to other companies, when it needs to do so to provide you with a product or service, ensuring that only the minimum information necessary to fulfill the request is shared.<\/p>\t\t\t\t\t\t\t\t<\/div>\n\t\t\t\t<\/div>\n\t\t\t\t<div class=\"elementor-element elementor-element-8cbe105 elementor-widget elementor-widget-heading\" data-id=\"8cbe105\" data-element_type=\"widget\" data-widget_type=\"heading.default\">\n\t\t\t\t<div class=\"elementor-widget-container\">\n\t\t\t\t\t<h2 class=\"elementor-heading-title elementor-size-default\">Access Rights, Rectification, Cancellation and Opposition<\/h2>\t\t\t\t<\/div>\n\t\t\t\t<\/div>\n\t\t\t\t<div class=\"elementor-element elementor-element-6d1b226 elementor-widget elementor-widget-text-editor\" data-id=\"6d1b226\" data-element_type=\"widget\" data-widget_type=\"text-editor.default\">\n\t\t\t\t<div class=\"elementor-widget-container\">\n\t\t\t\t\t\t\t\t\t<p>In accordance with Regulation (EU) 2016\/679 of the European Parliament and of the Council of 27 April 2016, any person can request access to their personal data, being able to become aware of their content, as well as demand their rectification, update or request its destruction, by written request addressed to the Generator to the email address: privacidade@upschool.com.pt.<\/p>\t\t\t\t\t\t\t\t<\/div>\n\t\t\t\t<\/div>\n\t\t\t\t<div class=\"elementor-element elementor-element-60db0d5 elementor-widget elementor-widget-heading\" data-id=\"60db0d5\" data-element_type=\"widget\" data-widget_type=\"heading.default\">\n\t\t\t\t<div class=\"elementor-widget-container\">\n\t\t\t\t\t<h2 class=\"elementor-heading-title elementor-size-default\">Data Security and Protection<\/h2>\t\t\t\t<\/div>\n\t\t\t\t<\/div>\n\t\t\t\t<div class=\"elementor-element elementor-element-e7ba875 elementor-widget elementor-widget-text-editor\" data-id=\"e7ba875\" data-element_type=\"widget\" data-widget_type=\"text-editor.default\">\n\t\t\t\t<div class=\"elementor-widget-container\">\n\t\t\t\t\t\t\t\t\t<p>UP School adopt the necessary security measures to guarantee the safeguarding of users' personal data against possible abusive use or against unauthorized access.<\/p><p>\u00a0<\/p><p>However, as the internet is not a 100% secure means of communication, UP School cannot guarantee the security of any information that it discloses online, nor be responsible for losses or damages caused to the user as a result of the loss of confidentiality of the information.<\/p>\t\t\t\t\t\t\t\t<\/div>\n\t\t\t\t<\/div>\n\t\t\t\t<div class=\"elementor-element elementor-element-c2b1a50 elementor-widget elementor-widget-heading\" data-id=\"c2b1a50\" data-element_type=\"widget\" data-widget_type=\"heading.default\">\n\t\t\t\t<div class=\"elementor-widget-container\">\n\t\t\t\t\t<h2 class=\"elementor-heading-title elementor-size-default\">Responsibility<\/h2>\t\t\t\t<\/div>\n\t\t\t\t<\/div>\n\t\t\t\t<div class=\"elementor-element elementor-element-ad51e56 elementor-widget elementor-widget-text-editor\" data-id=\"ad51e56\" data-element_type=\"widget\" data-widget_type=\"text-editor.default\">\n\t\t\t\t<div class=\"elementor-widget-container\">\n\t\t\t\t\t\t\t\t\t<p>On this website, users will be able to find links that direct them to other websites outside the domain of UP School's servers which may themselves collect data or request personal information. This Privacy Policy does not apply to third-party websites, so you should read the Privacy Policy of the third-party websites you visit, and we are not responsible for the content and information present on these same websites.<\/p>\t\t\t\t\t\t\t\t<\/div>\n\t\t\t\t<\/div>\n\t\t\t\t<div class=\"elementor-element elementor-element-973a9b5 elementor-widget elementor-widget-heading\" data-id=\"973a9b5\" data-element_type=\"widget\" data-widget_type=\"heading.default\">\n\t\t\t\t<div class=\"elementor-widget-container\">\n\t\t\t\t\t<h2 class=\"elementor-heading-title elementor-size-default\">Compliance with the Privacy Policy<\/h2>\t\t\t\t<\/div>\n\t\t\t\t<\/div>\n\t\t\t\t<div class=\"elementor-element elementor-element-a4137b5 elementor-widget elementor-widget-text-editor\" data-id=\"a4137b5\" data-element_type=\"widget\" data-widget_type=\"text-editor.default\">\n\t\t\t\t<div class=\"elementor-widget-container\">\n\t\t\t\t\t\t\t\t\t<p>It is understood that the user accepts the conditions of this privacy policy when entering his data. Completing the forms assumes the user's consent to the automated processing and use of data in accordance with the privacy conditions described in this document. The site is protected with reCAPTCHA and Google's Privacy Policy and Terms of Use apply.<\/p>\t\t\t\t\t\t\t\t<\/div>\n\t\t\t\t<\/div>\n\t\t\t\t<div class=\"elementor-element elementor-element-3ff5d98 elementor-widget elementor-widget-heading\" data-id=\"3ff5d98\" data-element_type=\"widget\" data-widget_type=\"heading.default\">\n\t\t\t\t<div class=\"elementor-widget-container\">\n\t\t\t\t\t<h2 class=\"elementor-heading-title elementor-size-default\">Changes to the Privacy Policy<\/h2>\t\t\t\t<\/div>\n\t\t\t\t<\/div>\n\t\t\t\t<div class=\"elementor-element elementor-element-88be268 elementor-widget elementor-widget-text-editor\" data-id=\"88be268\" data-element_type=\"widget\" data-widget_type=\"text-editor.default\">\n\t\t\t\t<div class=\"elementor-widget-container\">\n\t\t\t\t\t\t\t\t\t<p>UP School reserves the right, at any time, to update or revise this Privacy Policy in order to adjust it to any legislative changes and\/or other constraints. Any changes made will be published in this space, so the user should frequently visit this area in order to stay informed about the Privacy Policy in force.<\/p>\t\t\t\t\t\t\t\t<\/div>\n\t\t\t\t<\/div>\n\t\t\t\t\t<\/div>\n\t\t<\/div>\n\t\t\t\t\t<\/div>\n\t\t<\/section>\n\t\t\t\t<\/div>","protected":false},"excerpt":{"rendered":"<p class=\"excerpt\">Pol\u00edtica de Privacidade Por favor leia com aten\u00e7\u00e3o a nossa Pol\u00edtica de Cookies e Pol\u00edtica de Privacidade. Caso n\u00e3o concorde com a mesma n\u00e3o dever\u00e1 usar o presente Website. A presente Pol\u00edtica de Cookies e Pol\u00edtica de Privacidade enuncia as formas de recolha e utiliza\u00e7\u00e3o dos dados pessoais, assim como as medidas de salvaguarda e [&hellip;]<\/p>","protected":false},"author":5,"featured_media":0,"parent":0,"menu_order":0,"comment_status":"closed","ping_status":"closed","template":"template-blank.php","meta":{"footnotes":""},"class_list":["post-1053","page","type-page","status-publish","hentry"],"_links":{"self":[{"href":"https:\/\/upschool.pt\/en\/wp-json\/wp\/v2\/pages\/1053","targetHints":{"allow":["GET"]}}],"collection":[{"href":"https:\/\/upschool.pt\/en\/wp-json\/wp\/v2\/pages"}],"about":[{"href":"https:\/\/upschool.pt\/en\/wp-json\/wp\/v2\/types\/page"}],"author":[{"embeddable":true,"href":"https:\/\/upschool.pt\/en\/wp-json\/wp\/v2\/users\/5"}],"replies":[{"embeddable":true,"href":"https:\/\/upschool.pt\/en\/wp-json\/wp\/v2\/comments?post=1053"}],"version-history":[{"count":31,"href":"https:\/\/upschool.pt\/en\/wp-json\/wp\/v2\/pages\/1053\/revisions"}],"predecessor-version":[{"id":2910,"href":"https:\/\/upschool.pt\/en\/wp-json\/wp\/v2\/pages\/1053\/revisions\/2910"}],"wp:attachment":[{"href":"https:\/\/upschool.pt\/en\/wp-json\/wp\/v2\/media?parent=1053"}],"curies":[{"name":"wp","href":"https:\/\/api.w.org\/{rel}","templated":true}]}}